{"id":4718,"date":"2025-02-12T11:52:13","date_gmt":"2025-02-12T11:52:13","guid":{"rendered":"https:\/\/mesabuitrera.org\/?page_id=4718"},"modified":"2025-02-12T11:57:23","modified_gmt":"2025-02-12T11:57:23","slug":"fundacion-pensamiento-verde","status":"publish","type":"page","link":"https:\/\/mesabuitrera.org\/index.php\/miembros\/instituciones-y-fundaciones\/fundacion-pensamiento-verde\/","title":{"rendered":"Fundaci\u00f3n Pensamiento Verde &#8211; Delegado: E. Escobar  S: A. Villamar\u00edn"},"content":{"rendered":"\t\t<div data-elementor-type=\"wp-page\" data-elementor-id=\"4718\" class=\"elementor elementor-4718\" data-elementor-post-type=\"page\">\n\t\t\t\t<div class=\"elementor-element elementor-element-09a7b42 e-flex e-con-boxed e-con e-parent\" data-id=\"09a7b42\" data-element_type=\"container\" data-e-type=\"container\">\n\t\t\t\t\t<div class=\"e-con-inner\">\n\t\t\t\t<div class=\"elementor-element elementor-element-e837415 elementor-widget elementor-widget-heading\" data-id=\"e837415\" data-element_type=\"widget\" data-e-type=\"widget\" data-widget_type=\"heading.default\">\n\t\t\t\t<div class=\"elementor-widget-container\">\n\t\t\t\t\t<h2 class=\"elementor-heading-title elementor-size-default\">A\u00f1ade aqu\u00ed tu texto de cabecera<\/h2>\t\t\t\t<\/div>\n\t\t\t\t<\/div>\n\t\t\t\t<div class=\"elementor-element elementor-element-0fae61d elementor-widget elementor-widget-heading\" data-id=\"0fae61d\" data-element_type=\"widget\" data-e-type=\"widget\" data-widget_type=\"heading.default\">\n\t\t\t\t<div class=\"elementor-widget-container\">\n\t\t\t\t\t<h5 class=\"elementor-heading-title elementor-size-default\">Delegado: E. Escobar  S: A. Villamar\u00edn<\/h5>\t\t\t\t<\/div>\n\t\t\t\t<\/div>\n\t\t\t\t\t<\/div>\n\t\t\t\t<\/div>\n\t\t\t\t<\/div>\n\t\t","protected":false},"excerpt":{"rendered":"<p>A\u00f1ade aqu\u00ed tu texto de cabecera Delegado: E. Escobar S: A. Villamar\u00edn<\/p>\n","protected":false},"author":1,"featured_media":0,"parent":4666,"menu_order":0,"comment_status":"closed","ping_status":"closed","template":"","meta":{"_acf_changed":false,"om_disable_all_campaigns":false,"_monsterinsights_skip_tracking":false,"_monsterinsights_sitenote_active":false,"_monsterinsights_sitenote_note":"","_monsterinsights_sitenote_category":0,"footnotes":""},"class_list":["post-4718","page","type-page","status-publish","hentry"],"acf":[],"aioseo_notices":[],"_links":{"self":[{"href":"https:\/\/mesabuitrera.org\/index.php\/wp-json\/wp\/v2\/pages\/4718","targetHints":{"allow":["GET"]}}],"collection":[{"href":"https:\/\/mesabuitrera.org\/index.php\/wp-json\/wp\/v2\/pages"}],"about":[{"href":"https:\/\/mesabuitrera.org\/index.php\/wp-json\/wp\/v2\/types\/page"}],"author":[{"embeddable":true,"href":"https:\/\/mesabuitrera.org\/index.php\/wp-json\/wp\/v2\/users\/1"}],"replies":[{"embeddable":true,"href":"https:\/\/mesabuitrera.org\/index.php\/wp-json\/wp\/v2\/comments?post=4718"}],"version-history":[{"count":5,"href":"https:\/\/mesabuitrera.org\/index.php\/wp-json\/wp\/v2\/pages\/4718\/revisions"}],"predecessor-version":[{"id":4725,"href":"https:\/\/mesabuitrera.org\/index.php\/wp-json\/wp\/v2\/pages\/4718\/revisions\/4725"}],"up":[{"embeddable":true,"href":"https:\/\/mesabuitrera.org\/index.php\/wp-json\/wp\/v2\/pages\/4666"}],"wp:attachment":[{"href":"https:\/\/mesabuitrera.org\/index.php\/wp-json\/wp\/v2\/media?parent=4718"}],"curies":[{"name":"wp","href":"https:\/\/api.w.org\/{rel}","templated":true}]}}