{"id":4784,"date":"2025-05-09T21:20:12","date_gmt":"2025-05-09T21:20:12","guid":{"rendered":"https:\/\/mesabuitrera.org\/?page_id=4784"},"modified":"2026-02-02T22:15:34","modified_gmt":"2026-02-02T22:15:34","slug":"observatorio-ambiental","status":"publish","type":"page","link":"https:\/\/mesabuitrera.org\/index.php\/observatorio-ambiental\/","title":{"rendered":"Observatorio ambiental"},"content":{"rendered":"\t\t<div data-elementor-type=\"wp-page\" data-elementor-id=\"4784\" class=\"elementor elementor-4784\" data-elementor-post-type=\"page\">\n\t\t\t\t<div class=\"elementor-element elementor-element-5f33641 e-flex e-con-boxed e-con e-parent\" data-id=\"5f33641\" data-element_type=\"container\" data-e-type=\"container\">\n\t\t\t\t\t<div class=\"e-con-inner\">\n\t\t<div class=\"elementor-element elementor-element-7cd49a2 e-con-full e-flex e-con e-child\" data-id=\"7cd49a2\" data-element_type=\"container\" data-e-type=\"container\">\n\t\t\t\t<div class=\"elementor-element elementor-element-aefa802 elementor-widget elementor-widget-heading\" data-id=\"aefa802\" data-element_type=\"widget\" data-e-type=\"widget\" data-widget_type=\"heading.default\">\n\t\t\t\t<div class=\"elementor-widget-container\">\n\t\t\t\t\t<h2 class=\"elementor-heading-title elementor-size-default\">Observatorio Socio-Ambiental <br>del territorio de La Buitrera<\/h2>\t\t\t\t<\/div>\n\t\t\t\t<\/div>\n\t\t\t\t<\/div>\n\t\t<div class=\"elementor-element elementor-element-1f4e7c0 e-con-full e-flex e-con e-child\" data-id=\"1f4e7c0\" data-element_type=\"container\" data-e-type=\"container\">\n\t\t\t\t<div class=\"elementor-element elementor-element-75435ad elementor-widget elementor-widget-image\" data-id=\"75435ad\" data-element_type=\"widget\" data-e-type=\"widget\" data-widget_type=\"image.default\">\n\t\t\t\t<div class=\"elementor-widget-container\">\n\t\t\t\t\t\t\t\t\t\t\t\t\t\t\t<img fetchpriority=\"high\" decoding=\"async\" width=\"800\" height=\"800\" src=\"https:\/\/mesabuitrera.org\/wp-content\/uploads\/2026\/01\/observatorio-logo-grande.jpeg\" class=\"attachment-large size-large wp-image-5329\" alt=\"\" srcset=\"https:\/\/mesabuitrera.org\/wp-content\/uploads\/2026\/01\/observatorio-logo-grande.jpeg 912w, https:\/\/mesabuitrera.org\/wp-content\/uploads\/2026\/01\/observatorio-logo-grande-300x300.jpeg 300w, https:\/\/mesabuitrera.org\/wp-content\/uploads\/2026\/01\/observatorio-logo-grande-150x150.jpeg 150w, https:\/\/mesabuitrera.org\/wp-content\/uploads\/2026\/01\/observatorio-logo-grande-768x768.jpeg 768w\" sizes=\"(max-width: 800px) 100vw, 800px\" \/>\t\t\t\t\t\t\t\t\t\t\t\t\t\t\t<\/div>\n\t\t\t\t<\/div>\n\t\t\t\t<\/div>\n\t\t\t\t\t<\/div>\n\t\t\t\t<\/div>\n\t\t<div class=\"elementor-element elementor-element-e21cec8 e-flex e-con-boxed e-con e-parent\" data-id=\"e21cec8\" data-element_type=\"container\" data-e-type=\"container\">\n\t\t\t\t\t<div class=\"e-con-inner\">\n\t\t<div class=\"elementor-element elementor-element-0b3b976 e-con-full e-flex e-con e-child\" data-id=\"0b3b976\" data-element_type=\"container\" data-e-type=\"container\">\n\t\t\t\t<div class=\"elementor-element elementor-element-7a49ec2 elementor-widget elementor-widget-text-editor\" data-id=\"7a49ec2\" data-element_type=\"widget\" data-e-type=\"widget\" data-widget_type=\"text-editor.default\">\n\t\t\t\t<div class=\"elementor-widget-container\">\n\t\t\t\t\t\t\t\t\t<p>El OBSERVATORIO es una herramienta de administraci\u00f3n del territorio desarrollado por el COMITE AMBIENTAL de La Buitrera (<a href=\"mailto:comiteambientalbuitrera@gmail.com\" target=\"_blank\" rel=\"noopener\">comiteambientalbuitrera@<wbr \/>gmail.com<\/a>) y manejado por el comit\u00e9 &#8220;Observatorio Ambiental&#8221; de La Buitrera (<a href=\"buitreracomiteambiental@gmail.com\" target=\"_blank\" rel=\"noopener\">observatorioambientalbuitrera<wbr \/>@gmail.com<\/a>).\u00a0<\/p><p>Est\u00e1 en fase de construcci\u00f3n, y seguir\u00e1 en fase de construcci\u00f3n durante d\u00e9cadas ya que un territorio es un ente en permanente evoluci\u00f3n.<\/p><p>Con la ayuda de una plataforma WEB, el observatorio ubica, cuantifica, documenta y hace el seguimiento de indicadores, variables y acontecimientos que ocurren en el territorio de La Buitrera.\u00a0<\/p><p>Es una plataforma interactiva accesible por internet que permite visualizar y analizar los principales indicadores que influyen sobre la biodiversidad, la capacidad de regulaci\u00f3n h\u00eddrica y la calidad de vida de los habitantes.<\/p><p>Entre los indicadores a implementar est\u00e1 la cobertura boscosa, varios indicadores de biodiversidad, caudales de quebradas y r\u00edos, calidad del agua, incendios, invasiones, construcciones ilegales, \u00a0contaminaci\u00f3n ac\u00fastica, etc.\u00a0<\/p><p>Objetivo: ofrecer una transparencia total para los habitantes y permitir a las autoridades actuar inmediatamente con conocimiento de causa y en tiempos cortos.\u00a0<\/p>\t\t\t\t\t\t\t\t<\/div>\n\t\t\t\t<\/div>\n\t\t\t\t<\/div>\n\t\t<div class=\"elementor-element elementor-element-0a4c664 e-con-full e-flex e-con e-child\" data-id=\"0a4c664\" data-element_type=\"container\" data-e-type=\"container\">\n\t\t\t\t<div class=\"elementor-element elementor-element-29c9b49 elementor-widget elementor-widget-heading\" data-id=\"29c9b49\" data-element_type=\"widget\" data-e-type=\"widget\" data-widget_type=\"heading.default\">\n\t\t\t\t<div class=\"elementor-widget-container\">\n\t\t\t\t\t<h2 class=\"elementor-heading-title elementor-size-default\">Mapa del Observatorio Ambiental<\/h2>\t\t\t\t<\/div>\n\t\t\t\t<\/div>\n\t\t\t\t<div class=\"elementor-element elementor-element-a9dc67e elementor-widget elementor-widget-image\" data-id=\"a9dc67e\" data-element_type=\"widget\" data-e-type=\"widget\" data-widget_type=\"image.default\">\n\t\t\t\t<div class=\"elementor-widget-container\">\n\t\t\t\t\t\t\t\t\t\t\t\t<figure class=\"wp-caption\">\n\t\t\t\t\t\t\t\t\t\t\t<a href=\"http:\/\/www.demco-surveys.com\/ObservatorioAmbiental\/googlemap2.html\">\n\t\t\t\t\t\t\t<img decoding=\"async\" width=\"1080\" height=\"600\" src=\"https:\/\/mesabuitrera.org\/wp-content\/uploads\/2026\/01\/260128-mapaobsercvavbtorioambiental.webp\" class=\"attachment-full size-full wp-image-4967\" alt=\"\" srcset=\"https:\/\/mesabuitrera.org\/wp-content\/uploads\/2026\/01\/260128-mapaobsercvavbtorioambiental.webp 1080w, https:\/\/mesabuitrera.org\/wp-content\/uploads\/2026\/01\/260128-mapaobsercvavbtorioambiental-300x167.webp 300w, https:\/\/mesabuitrera.org\/wp-content\/uploads\/2026\/01\/260128-mapaobsercvavbtorioambiental-1024x569.webp 1024w, https:\/\/mesabuitrera.org\/wp-content\/uploads\/2026\/01\/260128-mapaobsercvavbtorioambiental-768x427.webp 768w\" sizes=\"(max-width: 1080px) 100vw, 1080px\" \/>\t\t\t\t\t\t\t\t<\/a>\n\t\t\t\t\t\t\t\t\t\t\t<figcaption class=\"widget-image-caption wp-caption-text\">Clic en la imagen para ir al mapa<\/figcaption>\n\t\t\t\t\t\t\t\t\t\t<\/figure>\n\t\t\t\t\t\t\t\t\t<\/div>\n\t\t\t\t<\/div>\n\t\t\t\t<div class=\"elementor-element elementor-element-c84c4fa elementor-widget elementor-widget-text-editor\" data-id=\"c84c4fa\" data-element_type=\"widget\" data-e-type=\"widget\" data-widget_type=\"text-editor.default\">\n\t\t\t\t<div class=\"elementor-widget-container\">\n\t\t\t\t\t\t\t\t\t<p>Para una mejor experiencia de navegaci\u00f3n sugerimos abrir el mapa en un navegador Google Chrome.<\/p>\t\t\t\t\t\t\t\t<\/div>\n\t\t\t\t<\/div>\n\t\t\t\t<\/div>\n\t\t<div class=\"elementor-element elementor-element-a615e2d e-con-full e-flex e-con e-child\" data-id=\"a615e2d\" data-element_type=\"container\" data-e-type=\"container\" data-settings=\"{&quot;background_background&quot;:&quot;classic&quot;}\">\n\t\t\t\t<div class=\"elementor-element elementor-element-2eb488c elementor-widget elementor-widget-heading\" data-id=\"2eb488c\" data-element_type=\"widget\" data-e-type=\"widget\" data-widget_type=\"heading.default\">\n\t\t\t\t<div class=\"elementor-widget-container\">\n\t\t\t\t\t<h2 class=\"elementor-heading-title elementor-size-default\">\u00a1ACLARACI\u00d3N!<\/h2>\t\t\t\t<\/div>\n\t\t\t\t<\/div>\n\t\t\t\t<div class=\"elementor-element elementor-element-690e21e elementor-widget elementor-widget-text-editor\" data-id=\"690e21e\" data-element_type=\"widget\" data-e-type=\"widget\" data-widget_type=\"text-editor.default\">\n\t\t\t\t<div class=\"elementor-widget-container\">\n\t\t\t\t\t\t\t\t\t<p><i>Esta iniciativa ciudadana ha sido seleccionada a finales del a\u00f1o 2024 por el COMITE DE PLANIFICACION del corregimiento para un soporte financiero a trav\u00e9s del &#8220;presupuesto participativo 2025&#8221; (que en el caso de La Buitrera es del orden de 20.000 pesos por habitante por a\u00f1o). <\/i><\/p><p><i>Mediante una maniobra administrativa, y con la complicidad de la JAL, un presupuesto participativo de 319 millones de pesos ha sido desviado por la Administraci\u00f3n municipal de Cali hacia un &#8220;Convenio interadministrativo&#8221; entre el DAGMA y la Universidad del Valle para el &#8220;Dise\u00f1o de un observatorio ambiental&#8221; en La Buitrera.\u00a0 <\/i><\/p><p><i>La evaluaci\u00f3n administrativa y penal de este desv\u00edo de dinero &#8220;participativo&#8221; est\u00e1 en manos de las instancias de control y de la justicia. El COMITE AMBIENTAL sigue construyendo este OBSERVATORIO AMBIENTAL COMUNITARIO con sus medios propios, consciente que la ADMINISTRACI\u00d3N MUNICIPAL de Cali no est\u00e1 a\u00fan madura para que se publique a trav\u00e9s de una plataforma WEB, la informaci\u00f3n que pueda visibilizar su inexperiencia, dejadez, mediocridad y\/o corrupci\u00f3n.\u00a0\u00a0<\/i><\/p>\t\t\t\t\t\t\t\t<\/div>\n\t\t\t\t<\/div>\n\t\t\t\t<\/div>\n\t\t\t\t\t<\/div>\n\t\t\t\t<\/div>\n\t\t<div class=\"elementor-element elementor-element-1653718 e-flex e-con-boxed e-con e-parent\" data-id=\"1653718\" data-element_type=\"container\" data-e-type=\"container\">\n\t\t\t\t\t<div class=\"e-con-inner\">\n\t\t\t\t<div class=\"elementor-element elementor-element-3f56a54 elementor-align-center elementor-icon-list--layout-traditional elementor-list-item-link-full_width elementor-widget elementor-widget-icon-list\" data-id=\"3f56a54\" data-element_type=\"widget\" data-e-type=\"widget\" data-widget_type=\"icon-list.default\">\n\t\t\t\t<div class=\"elementor-widget-container\">\n\t\t\t\t\t\t\t<ul class=\"elementor-icon-list-items\">\n\t\t\t\t\t\t\t<li class=\"elementor-icon-list-item\">\n\t\t\t\t\t\t\t\t\t\t\t<a href=\"https:\/\/lacasadelguatin.co\/\">\n\n\t\t\t\t\t\t\t\t\t\t\t<span class=\"elementor-icon-list-text\">lacasadelguatin.co<\/span>\n\t\t\t\t\t\t\t\t\t\t\t<\/a>\n\t\t\t\t\t\t\t\t\t<\/li>\n\t\t\t\t\t\t\t\t<li class=\"elementor-icon-list-item\">\n\t\t\t\t\t\t\t\t\t\t\t<a href=\"mailto:lacasadelguatin.co\">\n\n\t\t\t\t\t\t\t\t\t\t\t\t<span class=\"elementor-icon-list-icon\">\n\t\t\t\t\t\t\t<i aria-hidden=\"true\" class=\"fas fa-mail-bulk\"><\/i>\t\t\t\t\t\t<\/span>\n\t\t\t\t\t\t\t\t\t\t<span class=\"elementor-icon-list-text\">info@lacasadelguatin.co<\/span>\n\t\t\t\t\t\t\t\t\t\t\t<\/a>\n\t\t\t\t\t\t\t\t\t<\/li>\n\t\t\t\t\t\t<\/ul>\n\t\t\t\t\t\t<\/div>\n\t\t\t\t<\/div>\n\t\t\t\t\t<\/div>\n\t\t\t\t<\/div>\n\t\t\t\t<\/div>\n\t\t","protected":false},"excerpt":{"rendered":"<p>Observatorio Socio-Ambiental del territorio de La Buitrera El OBSERVATORIO es una herramienta de administraci\u00f3n del territorio desarrollado por el COMITE AMBIENTAL de La Buitrera (comiteambientalbuitrera@gmail.com) y manejado por el comit\u00e9 &#8220;Observatorio Ambiental&#8221; de La Buitrera (observatorioambientalbuitrera@gmail.com).\u00a0 Est\u00e1 en fase de construcci\u00f3n, y seguir\u00e1 en fase de construcci\u00f3n durante d\u00e9cadas ya que un territorio es un [&hellip;]<\/p>\n","protected":false},"author":1,"featured_media":0,"parent":0,"menu_order":0,"comment_status":"closed","ping_status":"closed","template":"","meta":{"_acf_changed":false,"om_disable_all_campaigns":false,"_monsterinsights_skip_tracking":false,"_monsterinsights_sitenote_active":false,"_monsterinsights_sitenote_note":"","_monsterinsights_sitenote_category":0,"footnotes":""},"class_list":["post-4784","page","type-page","status-publish","hentry"],"acf":[],"aioseo_notices":[],"_links":{"self":[{"href":"https:\/\/mesabuitrera.org\/index.php\/wp-json\/wp\/v2\/pages\/4784","targetHints":{"allow":["GET"]}}],"collection":[{"href":"https:\/\/mesabuitrera.org\/index.php\/wp-json\/wp\/v2\/pages"}],"about":[{"href":"https:\/\/mesabuitrera.org\/index.php\/wp-json\/wp\/v2\/types\/page"}],"author":[{"embeddable":true,"href":"https:\/\/mesabuitrera.org\/index.php\/wp-json\/wp\/v2\/users\/1"}],"replies":[{"embeddable":true,"href":"https:\/\/mesabuitrera.org\/index.php\/wp-json\/wp\/v2\/comments?post=4784"}],"version-history":[{"count":163,"href":"https:\/\/mesabuitrera.org\/index.php\/wp-json\/wp\/v2\/pages\/4784\/revisions"}],"predecessor-version":[{"id":5399,"href":"https:\/\/mesabuitrera.org\/index.php\/wp-json\/wp\/v2\/pages\/4784\/revisions\/5399"}],"wp:attachment":[{"href":"https:\/\/mesabuitrera.org\/index.php\/wp-json\/wp\/v2\/media?parent=4784"}],"curies":[{"name":"wp","href":"https:\/\/api.w.org\/{rel}","templated":true}]}}