{"id":788,"date":"2023-10-19T23:39:13","date_gmt":"2023-10-19T23:39:13","guid":{"rendered":"https:\/\/mesabuitrera.org\/?page_id=788"},"modified":"2025-02-12T11:36:16","modified_gmt":"2025-02-12T11:36:16","slug":"junta-de-accion-comunal-jac-altos-del-rosario","status":"publish","type":"page","link":"https:\/\/mesabuitrera.org\/index.php\/miembros\/juntas-de-accion-comunal-jac\/junta-de-accion-comunal-jac-altos-del-rosario\/","title":{"rendered":"Junta de Acci\u00f3n Comunal -JAC- Altos del Rosario &#8211; Delegado: Luis Fernando Sarmiento  Suplente: Leonardo Ca\u00f1averal"},"content":{"rendered":"\t\t<div data-elementor-type=\"wp-page\" data-elementor-id=\"788\" class=\"elementor elementor-788\" data-elementor-post-type=\"page\">\n\t\t\t\t<div class=\"elementor-element elementor-element-041b5b2 e-flex e-con-boxed e-con e-parent\" data-id=\"041b5b2\" data-element_type=\"container\" data-e-type=\"container\">\n\t\t\t\t\t<div class=\"e-con-inner\">\n\t\t\t\t<div class=\"elementor-element elementor-element-d1a4bc4 elementor-widget elementor-widget-heading\" data-id=\"d1a4bc4\" data-element_type=\"widget\" data-e-type=\"widget\" data-widget_type=\"heading.default\">\n\t\t\t\t<div class=\"elementor-widget-container\">\n\t\t\t\t\t<h2 class=\"elementor-heading-title elementor-size-default\">Junta de Acci\u00f3n Comunal -JAC- Altos del Rosario<\/h2>\t\t\t\t<\/div>\n\t\t\t\t<\/div>\n\t\t\t\t<div class=\"elementor-element elementor-element-bdbca48 elementor-widget elementor-widget-text-editor\" data-id=\"bdbca48\" data-element_type=\"widget\" data-e-type=\"widget\" data-widget_type=\"text-editor.default\">\n\t\t\t\t<div class=\"elementor-widget-container\">\n\t\t\t\t\t\t\t\t\t<h5>\u00a0Delegado: Luis Fernando Sarmiento Suplente: Leonardo Ca\u00f1averal<\/h5>\t\t\t\t\t\t\t\t<\/div>\n\t\t\t\t<\/div>\n\t\t\t\t<div class=\"elementor-element elementor-element-579f668 elementor-widget elementor-widget-text-editor\" data-id=\"579f668\" data-element_type=\"widget\" data-e-type=\"widget\" data-widget_type=\"text-editor.default\">\n\t\t\t\t<div class=\"elementor-widget-container\">\n\t\t\t\t\t\t\t\t\t<p>Integrada por los se\u00f1ores Reinerio Lozada (presidente), Luis Eduardo Tovar (fiscal), Luis Fernando Sarmiento (tesorero) y la se\u00f1ora Mar\u00eda Jenny Osorio (secretaria).<\/p><p>En el momento de las elecciones, hab\u00eda 106 personas inscritas en el libro; de estas, obtuvieron 67 votos afirmativos y uno en blanco. Como sucede en todas las JAC visitadas, fueron elegidos por una plancha \u00fanica. Esta JAC funciona desde 1976. Muchos de los miembros actuales han completado varios per\u00edodos.<img fetchpriority=\"high\" decoding=\"async\" class=\" wp-image-794 alignright\" src=\"http:\/\/mesabuitrera.org\/wp-content\/uploads\/2023\/10\/altosdelrosario-300x225.jpg\" alt=\"\" width=\"412\" height=\"309\" srcset=\"https:\/\/mesabuitrera.org\/wp-content\/uploads\/2023\/10\/altosdelrosario-300x225.jpg 300w, https:\/\/mesabuitrera.org\/wp-content\/uploads\/2023\/10\/altosdelrosario.jpg 639w\" sizes=\"(max-width: 412px) 100vw, 412px\" \/><\/p><p><strong>Realizaciones<\/strong><\/p><ul><li>La construcci\u00f3n de tres muros de contenci\u00f3n tras conseguir la declaraci\u00f3n de urgencia manifiesta.<\/li><li>El aporte, por parte del municipio, de camineros 3 o 4 veces al a\u00f1o, para rozar las v\u00edas.<\/li><\/ul><p><strong>Por realizar<\/strong><\/p><ul><li>Finalizar la construcci\u00f3n del acueducto comunitario que brindar\u00e1 servicio a unas 250 familias.<\/li><li>Conseguir una partida presupuestaria para la construcci\u00f3n de una cubierta y un muro de contenci\u00f3n para la Instituci\u00f3n Educativa.<\/li><li>La creaci\u00f3n de un vivero comunitario para la reforestaci\u00f3n de la cuenca del rio Lili y afluentes, en terrenos de la Instituci\u00f3n Educativa.<\/li><li>El mantenimiento rutinario de las dos v\u00edas y la colocaci\u00f3n de 5 kil\u00f3metros de placa huella, desde El Crucero hasta La Capilla o R\u00edo Lili.<\/li><li>El mantenimiento de la cancha de futbol.<\/li><\/ul>\t\t\t\t\t\t\t\t<\/div>\n\t\t\t\t<\/div>\n\t\t\t\t\t<\/div>\n\t\t\t\t<\/div>\n\t\t\t\t<\/div>\n\t\t","protected":false},"excerpt":{"rendered":"<p>Junta de Acci\u00f3n Comunal -JAC- Altos del Rosario \u00a0Delegado: Luis Fernando Sarmiento Suplente: Leonardo Ca\u00f1averal Integrada por los se\u00f1ores Reinerio Lozada (presidente), Luis Eduardo Tovar (fiscal), Luis Fernando Sarmiento (tesorero) y la se\u00f1ora Mar\u00eda Jenny Osorio (secretaria). En el momento de las elecciones, hab\u00eda 106 personas inscritas en el libro; de estas, obtuvieron 67 votos [&hellip;]<\/p>\n","protected":false},"author":1,"featured_media":0,"parent":2631,"menu_order":0,"comment_status":"closed","ping_status":"closed","template":"","meta":{"_acf_changed":false,"om_disable_all_campaigns":false,"_monsterinsights_skip_tracking":false,"_monsterinsights_sitenote_active":false,"_monsterinsights_sitenote_note":"","_monsterinsights_sitenote_category":0,"footnotes":""},"class_list":["post-788","page","type-page","status-publish","hentry"],"acf":[],"aioseo_notices":[],"_links":{"self":[{"href":"https:\/\/mesabuitrera.org\/index.php\/wp-json\/wp\/v2\/pages\/788","targetHints":{"allow":["GET"]}}],"collection":[{"href":"https:\/\/mesabuitrera.org\/index.php\/wp-json\/wp\/v2\/pages"}],"about":[{"href":"https:\/\/mesabuitrera.org\/index.php\/wp-json\/wp\/v2\/types\/page"}],"author":[{"embeddable":true,"href":"https:\/\/mesabuitrera.org\/index.php\/wp-json\/wp\/v2\/users\/1"}],"replies":[{"embeddable":true,"href":"https:\/\/mesabuitrera.org\/index.php\/wp-json\/wp\/v2\/comments?post=788"}],"version-history":[{"count":20,"href":"https:\/\/mesabuitrera.org\/index.php\/wp-json\/wp\/v2\/pages\/788\/revisions"}],"predecessor-version":[{"id":4701,"href":"https:\/\/mesabuitrera.org\/index.php\/wp-json\/wp\/v2\/pages\/788\/revisions\/4701"}],"up":[{"embeddable":true,"href":"https:\/\/mesabuitrera.org\/index.php\/wp-json\/wp\/v2\/pages\/2631"}],"wp:attachment":[{"href":"https:\/\/mesabuitrera.org\/index.php\/wp-json\/wp\/v2\/media?parent=788"}],"curies":[{"name":"wp","href":"https:\/\/api.w.org\/{rel}","templated":true}]}}