{"id":804,"date":"2023-10-20T15:34:15","date_gmt":"2023-10-20T15:34:15","guid":{"rendered":"https:\/\/mesabuitrera.org\/?page_id=804"},"modified":"2025-02-12T11:48:43","modified_gmt":"2025-02-12T11:48:43","slug":"junta-de-accion-comunal-jac-pueblo-nuevo","status":"publish","type":"page","link":"https:\/\/mesabuitrera.org\/index.php\/miembros\/juntas-de-accion-comunal-jac\/junta-de-accion-comunal-jac-pueblo-nuevo\/","title":{"rendered":"Junta de Acci\u00f3n Comunal -JAC- Pueblo Nuevo (crucero) &#8211; Delegada: Yolima Pechene"},"content":{"rendered":"\t\t<div data-elementor-type=\"wp-page\" data-elementor-id=\"804\" class=\"elementor elementor-804\" data-elementor-post-type=\"page\">\n\t\t\t\t<div class=\"elementor-element elementor-element-3127254 e-flex e-con-boxed e-con e-parent\" data-id=\"3127254\" data-element_type=\"container\" data-e-type=\"container\">\n\t\t\t\t\t<div class=\"e-con-inner\">\n\t\t<div class=\"elementor-element elementor-element-ebd2d3b e-flex e-con-boxed e-con e-child\" data-id=\"ebd2d3b\" data-element_type=\"container\" data-e-type=\"container\">\n\t\t\t\t\t<div class=\"e-con-inner\">\n\t\t\t\t<div class=\"elementor-element elementor-element-d868f64 elementor-widget elementor-widget-heading\" data-id=\"d868f64\" data-element_type=\"widget\" data-e-type=\"widget\" data-widget_type=\"heading.default\">\n\t\t\t\t<div class=\"elementor-widget-container\">\n\t\t\t\t\t<h2 class=\"elementor-heading-title elementor-size-default\">Junta de Acci\u00f3n Comunal -JAC- Pueblo Nuevo (el crucero).<\/h2>\t\t\t\t<\/div>\n\t\t\t\t<\/div>\n\t\t\t\t<div class=\"elementor-element elementor-element-abc4e8c elementor-widget elementor-widget-text-editor\" data-id=\"abc4e8c\" data-element_type=\"widget\" data-e-type=\"widget\" data-widget_type=\"text-editor.default\">\n\t\t\t\t<div class=\"elementor-widget-container\">\n\t\t\t\t\t\t\t\t\t<h5>Delegada: Yolima Pechene<\/h5>\t\t\t\t\t\t\t\t<\/div>\n\t\t\t\t<\/div>\n\t\t\t\t<div class=\"elementor-element elementor-element-7bc7648 elementor-widget elementor-widget-text-editor\" data-id=\"7bc7648\" data-element_type=\"widget\" data-e-type=\"widget\" data-widget_type=\"text-editor.default\">\n\t\t\t\t<div class=\"elementor-widget-container\">\n\t\t\t\t\t\t\t\t\t<p><img fetchpriority=\"high\" decoding=\"async\" class=\"alignright wp-image-4709 \" src=\"http:\/\/mesabuitrera.org\/wp-content\/uploads\/2025\/02\/IMG_20231124_100423-scaled.jpg\" alt=\"\" width=\"482\" height=\"222\" srcset=\"https:\/\/mesabuitrera.org\/wp-content\/uploads\/2025\/02\/IMG_20231124_100423-scaled.jpg 2560w, https:\/\/mesabuitrera.org\/wp-content\/uploads\/2025\/02\/IMG_20231124_100423-300x138.jpg 300w, https:\/\/mesabuitrera.org\/wp-content\/uploads\/2025\/02\/IMG_20231124_100423-1024x473.jpg 1024w, https:\/\/mesabuitrera.org\/wp-content\/uploads\/2025\/02\/IMG_20231124_100423-768x354.jpg 768w, https:\/\/mesabuitrera.org\/wp-content\/uploads\/2025\/02\/IMG_20231124_100423-1536x709.jpg 1536w, https:\/\/mesabuitrera.org\/wp-content\/uploads\/2025\/02\/IMG_20231124_100423-2048x945.jpg 2048w\" sizes=\"(max-width: 482px) 100vw, 482px\" \/>Gloria In\u00e9s Trujillo (presidente), John Franco (l\u00edder y \u201cadministrador\u201d de la Casa Comunal). El proceso electoral sufri\u00f3 algunos tropiezos: De los 116 inscritos en el libro, asistieron a la primera convocatoria para elecciones solo 5; por consiguiente, debi\u00f3 hacerse una segunda convocatoria a la que no asisti\u00f3 ninguno; despu\u00e9s de una tercera, tambi\u00e9n inv\u00e1lida, finalmente en una cuarta convocatoria se logr\u00f3 completar el m\u00ednimo necesario del 20% de votos (30), de los cuales 26 fueron afirmativos.<\/p><p><strong>Principales dificultades<\/strong><\/p><p>Legalizaci\u00f3n de la JAC, pues no contamos con Registro \u00danico Comunal RUC, Registro \u00danico Tributario RUT, no tenemos cuenta bancaria, y, por lo tanto, no podemos participar en convocatorias.<\/p><p><strong>Necesidades m\u00e1s sentidas<\/strong><\/p><p><strong>Seguridad<\/strong><\/p><ul><li>Se ha solicitado una reuni\u00f3n con ej\u00e9rcito y polic\u00eda, la cual a\u00fan no se ha realizado.<\/li><li>Capacitaci\u00f3n para los miembros de la JAC ya que hay mucho desconocimiento sobre las normas legales, funciones, c\u00f3mo bajar recursos.<\/li><li>Participaci\u00f3n de la Comunidad.<\/li><li>Trabajo conjunto y sincronizado con las dem\u00e1s JACs.<\/li><\/ul><p><strong>Proyectos que se est\u00e1n gestionando<\/strong><\/p><ul><li>La inscripci\u00f3n de j\u00f3venes en estudios de pregrado.<\/li><li>El mejoramiento de los callejones con placa-huellas y canaletas.<\/li><li>Utilizar la Casa Comunal para dar continuidad a las clases de Aikido (lunes, mi\u00e9rcoles y viernes) e impartir clases de ingl\u00e9s (jueves).<\/li><li>Conseguir un profesor de deportes.<\/li><\/ul>\t\t\t\t\t\t\t\t<\/div>\n\t\t\t\t<\/div>\n\t\t\t\t\t<\/div>\n\t\t\t\t<\/div>\n\t\t\t\t\t<\/div>\n\t\t\t\t<\/div>\n\t\t\t\t<\/div>\n\t\t","protected":false},"excerpt":{"rendered":"<p>Junta de Acci\u00f3n Comunal -JAC- Pueblo Nuevo (el crucero). Delegada: Yolima Pechene Gloria In\u00e9s Trujillo (presidente), John Franco (l\u00edder y \u201cadministrador\u201d de la Casa Comunal). El proceso electoral sufri\u00f3 algunos tropiezos: De los 116 inscritos en el libro, asistieron a la primera convocatoria para elecciones solo 5; por consiguiente, debi\u00f3 hacerse una segunda convocatoria a [&hellip;]<\/p>\n","protected":false},"author":1,"featured_media":0,"parent":2631,"menu_order":0,"comment_status":"closed","ping_status":"closed","template":"","meta":{"_acf_changed":false,"om_disable_all_campaigns":false,"_monsterinsights_skip_tracking":false,"_monsterinsights_sitenote_active":false,"_monsterinsights_sitenote_note":"","_monsterinsights_sitenote_category":0,"footnotes":""},"class_list":["post-804","page","type-page","status-publish","hentry"],"acf":[],"aioseo_notices":[],"_links":{"self":[{"href":"https:\/\/mesabuitrera.org\/index.php\/wp-json\/wp\/v2\/pages\/804","targetHints":{"allow":["GET"]}}],"collection":[{"href":"https:\/\/mesabuitrera.org\/index.php\/wp-json\/wp\/v2\/pages"}],"about":[{"href":"https:\/\/mesabuitrera.org\/index.php\/wp-json\/wp\/v2\/types\/page"}],"author":[{"embeddable":true,"href":"https:\/\/mesabuitrera.org\/index.php\/wp-json\/wp\/v2\/users\/1"}],"replies":[{"embeddable":true,"href":"https:\/\/mesabuitrera.org\/index.php\/wp-json\/wp\/v2\/comments?post=804"}],"version-history":[{"count":18,"href":"https:\/\/mesabuitrera.org\/index.php\/wp-json\/wp\/v2\/pages\/804\/revisions"}],"predecessor-version":[{"id":4716,"href":"https:\/\/mesabuitrera.org\/index.php\/wp-json\/wp\/v2\/pages\/804\/revisions\/4716"}],"up":[{"embeddable":true,"href":"https:\/\/mesabuitrera.org\/index.php\/wp-json\/wp\/v2\/pages\/2631"}],"wp:attachment":[{"href":"https:\/\/mesabuitrera.org\/index.php\/wp-json\/wp\/v2\/media?parent=804"}],"curies":[{"name":"wp","href":"https:\/\/api.w.org\/{rel}","templated":true}]}}