{"id":819,"date":"2023-10-20T16:02:00","date_gmt":"2023-10-20T16:02:00","guid":{"rendered":"https:\/\/mesabuitrera.org\/?page_id=819"},"modified":"2025-02-12T01:53:20","modified_gmt":"2025-02-12T01:53:20","slug":"centro-de-pensamiento-buitrera-futuro","status":"publish","type":"page","link":"https:\/\/mesabuitrera.org\/index.php\/miembros\/comites-civicos-y-asociaciones\/centro-de-pensamiento-buitrera-futuro\/","title":{"rendered":"Centro de Pensamiento BUITRERA FUTURO &#8211; Delegado: Peter Brabers"},"content":{"rendered":"\t\t<div data-elementor-type=\"wp-page\" data-elementor-id=\"819\" class=\"elementor elementor-819\" data-elementor-post-type=\"page\">\n\t\t\t\t<div class=\"elementor-element elementor-element-d5a4711 e-con-full e-flex e-con e-parent\" data-id=\"d5a4711\" data-element_type=\"container\" data-e-type=\"container\">\n\t\t<div class=\"elementor-element elementor-element-8227563 e-con-full e-flex e-con e-child\" data-id=\"8227563\" data-element_type=\"container\" data-e-type=\"container\">\n\t\t\t\t<div class=\"elementor-element elementor-element-dff28f4 elementor-widget elementor-widget-heading\" data-id=\"dff28f4\" data-element_type=\"widget\" data-e-type=\"widget\" data-widget_type=\"heading.default\">\n\t\t\t\t<div class=\"elementor-widget-container\">\n\t\t\t\t\t<h2 class=\"elementor-heading-title elementor-size-default\">Centro de Pensamiento BUITRERA FUTURO<\/h2>\t\t\t\t<\/div>\n\t\t\t\t<\/div>\n\t\t\t\t<div class=\"elementor-element elementor-element-a45021c elementor-widget elementor-widget-heading\" data-id=\"a45021c\" data-element_type=\"widget\" data-e-type=\"widget\" data-widget_type=\"heading.default\">\n\t\t\t\t<div class=\"elementor-widget-container\">\n\t\t\t\t\t<h6 class=\"elementor-heading-title elementor-size-default\"><a href=\"mailto:%20futuro@mesabuitrera.org\">futuro@mesabuitrera.org<\/a><\/h6>\t\t\t\t<\/div>\n\t\t\t\t<\/div>\n\t\t\t\t<div class=\"elementor-element elementor-element-686e283 elementor-widget elementor-widget-text-editor\" data-id=\"686e283\" data-element_type=\"widget\" data-e-type=\"widget\" data-widget_type=\"text-editor.default\">\n\t\t\t\t<div class=\"elementor-widget-container\">\n\t\t\t\t\t\t\t\t\t<p>La institucionalidad colombiana se modific\u00f3 sustancialmente con la Constituyente del a\u00f1o 1991, pasando de un pa\u00eds hiper-centralizado a un pa\u00eds regionalizado. Desafortunadamente, 30 a\u00f1os despu\u00e9s, la transici\u00f3n hacia la descentralizaci\u00f3n a\u00fan no ha terminado. Ademas, la institucionalidad actual tiene un sesgo urbano en detrimento de las zonas rurales. Tanto leyes, como decretos, resoluciones y metodolog\u00edas de aplicaci\u00f3n parecen escritos por personas que no tienen ra\u00edces en el territorio rural.<\/p><p>La mayor dificultad en materia de gobernanza y de ordenamiento territorial la viven las zonas rurales que, por accidente de la historia, hacen parte del territorio de una gran ciudad, pues su bajo peso demogr\u00e1fico no les permite hacerse valer y definir por si mismas su rumbo dentro del proceso llamado democr\u00e1tico. En algunos momento son territorios olvidados; en otros momentos aparecen unos intereses repentinos de la ciudad aleda\u00f1a para aprovechar el territorio seg\u00fan sus criterios propios.<\/p><p>La Buitrera, siendo un corregimiento rural del municipio de Cali (2,5 millones de habitantes), sufre de esta situaci\u00f3n, y en mayor proporci\u00f3n de cualquier otro corregimiento pues el Concejo de la ciudad, en d\u00e9cadas anteriores ha cambiados en varias oportunidades las fronteras del corregimiento sin consultar a la poblaci\u00f3n, de tal modo que englobe ahora zonas semi-urbanas o barrios de ladera, y pas\u00f3 de 2.400 hect\u00e1reas a 3.000 hect\u00e1reas, pero sobre todo de 12.000 habitantes a 55.000 habitantes. Y sigue dependiendo del Centro Administrativo Municipal de la ciudad, ubicado a unos 20 kil\u00f3metros.<\/p><p>Encontrar un desarrollo harmonioso y sostenible de las zonas rurales que corresponda a la voluntad de sus habitantes, quienes son mayoritarios en su terru\u00f1o pero minoritarios en su municipio, implica un di\u00e1logo entre dos mundos que tienen cosmovisiones diferentes y de vez en cuando opuestas, y este di\u00e1logo requiere de canales institucionales que el municipio de Cali no tiene. Habr\u00e1 que inventarlos y, mientras tanto, contar con la buena fe de las partes y con respeto mutuo para no transformar la zona rural de Cali en colonia, en una &#8220;Cisjordania&#8221; administrada por un tercero.<\/p><p>Debido a la casi ausencia hist\u00f3rica del gobierno municipal, los habitantes del Campo est\u00e1n acostumbrados a manejar su territorio entre vecinos, tanto para asuntos de infraestructura como de captaci\u00f3n, potabilizaci\u00f3n y distribuci\u00f3n del agua (empresas comunitarias), de deporte, de cultura, y a\u00fan de mediaci\u00f3n en los conflictos de vecindario.<\/p><p>El Centro de Pensamiento BUITRERA-FUTURO, con el sentido com\u00fan de la gente del campo, est\u00e1 pensando y so\u00f1ando el manejo, la administraci\u00f3n, el ordenamiento y la vida diaria de su territorio de 2.400 hect\u00e1reas y ahora 12.000 habitantes, que se siente &#8220;localidad&#8221; desde que naci\u00f3 como corregimiento con unas pocas viviendas de bahareque en el a\u00f1o 1948. Es una iniciativa disruptiva que involucra a vecinos hasta ahora alejados de la \u201ccosa p\u00fablica\u201d, para que, en un ambiente de fraternidad entre vecinos, desde su perspectiva de habitante del lugar y en trabajo grupal, aporte luces sobre temas que afectan o afectar\u00e1n la vida de la colectividad. La voz del vecino es a menudo mas confiable que la voz de una instituci\u00f3n.<\/p><p>En los a\u00f1os 2022 y 2023, el Centro se ha dedicado a:<\/p><ul><li>Evaluar el proyecto Cali-Distrito y mostrar los inconvenientes para el corregimiento de esta construcci\u00f3n burocr\u00e1tica mientras est\u00e9 regido por la Ley 1617 del a\u00f1o 2013.<\/li><li>Evaluar el proceso de estratificaci\u00f3n rural implementado por el municipio en el a\u00f1o 2022.<\/li><li>Evaluar el proceso de re-aval\u00fao catastral y denunciar la falta de actualizaci\u00f3n f\u00edsica de los predios y la metodolog\u00eda utilizada para calcular el aval\u00fao que no es coherente con el Plan de Ordenamiento Territorial (POT).<\/li><li>Evaluar el proceso de venta de lotes (subdivisi\u00f3n de predios) y construcci\u00f3n an\u00e1rquica de viviendas versus la reglamentaci\u00f3n del POT y curadur\u00edas para licencias de construcci\u00f3n.<\/li><li>Sentar las bases de lo que deber\u00eda ser una administraci\u00f3n eficiente del territorio rural.<\/li><\/ul>\t\t\t\t\t\t\t\t<\/div>\n\t\t\t\t<\/div>\n\t\t\t\t<\/div>\n\t\t<div class=\"elementor-element elementor-element-c7e2c12 e-con-full e-flex e-con e-child\" data-id=\"c7e2c12\" data-element_type=\"container\" data-e-type=\"container\" data-settings=\"{&quot;background_background&quot;:&quot;classic&quot;}\">\n\t\t\t\t<div class=\"elementor-element elementor-element-e7d242f elementor-widget elementor-widget-heading\" data-id=\"e7d242f\" data-element_type=\"widget\" data-e-type=\"widget\" data-widget_type=\"heading.default\">\n\t\t\t\t<div class=\"elementor-widget-container\">\n\t\t\t\t\t<h2 class=\"elementor-heading-title elementor-size-default\">Comunicados<\/h2>\t\t\t\t<\/div>\n\t\t\t\t<\/div>\n\t\t\t\t<\/div>\n\t\t\t\t<\/div>\n\t\t<div class=\"elementor-element elementor-element-3b6a469 e-flex e-con-boxed e-con e-parent\" data-id=\"3b6a469\" data-element_type=\"container\" data-e-type=\"container\">\n\t\t\t\t\t<div class=\"e-con-inner\">\n\t\t<div class=\"elementor-element elementor-element-4fa40b7 e-con-full e-flex e-con e-child\" data-id=\"4fa40b7\" data-element_type=\"container\" data-e-type=\"container\">\n\t\t\t\t<\/div>\n\t\t\t\t\t<\/div>\n\t\t\t\t<\/div>\n\t\t\t\t<\/div>\n\t\t","protected":false},"excerpt":{"rendered":"<p>Centro de Pensamiento BUITRERA FUTURO futuro@mesabuitrera.org La institucionalidad colombiana se modific\u00f3 sustancialmente con la Constituyente del a\u00f1o 1991, pasando de un pa\u00eds hiper-centralizado a un pa\u00eds regionalizado. Desafortunadamente, 30 a\u00f1os despu\u00e9s, la transici\u00f3n hacia la descentralizaci\u00f3n a\u00fan no ha terminado. Ademas, la institucionalidad actual tiene un sesgo urbano en detrimento de las zonas rurales. Tanto [&hellip;]<\/p>\n","protected":false},"author":1,"featured_media":0,"parent":4549,"menu_order":0,"comment_status":"closed","ping_status":"closed","template":"","meta":{"_acf_changed":false,"om_disable_all_campaigns":false,"_monsterinsights_skip_tracking":false,"_monsterinsights_sitenote_active":false,"_monsterinsights_sitenote_note":"","_monsterinsights_sitenote_category":0,"footnotes":""},"class_list":["post-819","page","type-page","status-publish","hentry"],"acf":[],"aioseo_notices":[],"_links":{"self":[{"href":"https:\/\/mesabuitrera.org\/index.php\/wp-json\/wp\/v2\/pages\/819","targetHints":{"allow":["GET"]}}],"collection":[{"href":"https:\/\/mesabuitrera.org\/index.php\/wp-json\/wp\/v2\/pages"}],"about":[{"href":"https:\/\/mesabuitrera.org\/index.php\/wp-json\/wp\/v2\/types\/page"}],"author":[{"embeddable":true,"href":"https:\/\/mesabuitrera.org\/index.php\/wp-json\/wp\/v2\/users\/1"}],"replies":[{"embeddable":true,"href":"https:\/\/mesabuitrera.org\/index.php\/wp-json\/wp\/v2\/comments?post=819"}],"version-history":[{"count":101,"href":"https:\/\/mesabuitrera.org\/index.php\/wp-json\/wp\/v2\/pages\/819\/revisions"}],"predecessor-version":[{"id":4598,"href":"https:\/\/mesabuitrera.org\/index.php\/wp-json\/wp\/v2\/pages\/819\/revisions\/4598"}],"up":[{"embeddable":true,"href":"https:\/\/mesabuitrera.org\/index.php\/wp-json\/wp\/v2\/pages\/4549"}],"wp:attachment":[{"href":"https:\/\/mesabuitrera.org\/index.php\/wp-json\/wp\/v2\/media?parent=819"}],"curies":[{"name":"wp","href":"https:\/\/api.w.org\/{rel}","templated":true}]}}