{"id":855,"date":"2023-10-20T16:25:48","date_gmt":"2023-10-20T16:25:48","guid":{"rendered":"https:\/\/mesabuitrera.org\/?page_id=855"},"modified":"2024-02-14T17:29:04","modified_gmt":"2024-02-14T17:29:04","slug":"empresas-comunitarias-de-agua","status":"publish","type":"page","link":"https:\/\/mesabuitrera.org\/index.php\/empresas-comunitarias-de-agua\/","title":{"rendered":"Empresas Comunitarias de Agua"},"content":{"rendered":"\t\t<div data-elementor-type=\"wp-page\" data-elementor-id=\"855\" class=\"elementor elementor-855\" data-elementor-post-type=\"page\">\n\t\t\t\t<div class=\"elementor-element elementor-element-000db69 e-flex e-con-boxed e-con e-parent\" data-id=\"000db69\" data-element_type=\"container\" data-e-type=\"container\">\n\t\t\t\t\t<div class=\"e-con-inner\">\n\t\t\t\t<div class=\"elementor-element elementor-element-59db933 elementor-widget elementor-widget-heading\" data-id=\"59db933\" data-element_type=\"widget\" data-e-type=\"widget\" data-widget_type=\"heading.default\">\n\t\t\t\t<div class=\"elementor-widget-container\">\n\t\t\t\t\t<h2 class=\"elementor-heading-title elementor-size-default\">Empresas Comunitarias de Agua<\/h2>\t\t\t\t<\/div>\n\t\t\t\t<\/div>\n\t\t\t\t\t<\/div>\n\t\t\t\t<\/div>\n\t\t<div class=\"elementor-element elementor-element-2a52ce3 e-flex e-con-boxed e-con e-parent\" data-id=\"2a52ce3\" data-element_type=\"container\" data-e-type=\"container\">\n\t\t\t\t\t<div class=\"e-con-inner\">\n\t\t<div class=\"elementor-element elementor-element-e1de9ac e-con-full e-flex e-con e-child\" data-id=\"e1de9ac\" data-element_type=\"container\" data-e-type=\"container\">\n\t\t\t\t<div class=\"elementor-element elementor-element-52cfc47 elementor-widget elementor-widget-text-editor\" data-id=\"52cfc47\" data-element_type=\"widget\" data-e-type=\"widget\" data-widget_type=\"text-editor.default\">\n\t\t\t\t<div class=\"elementor-widget-container\">\n\t\t\t\t\t\t\t\t\t<p>En la \u201cGesti\u00f3n Comunitaria del Agua\u201d, teniendo en cuenta el car\u00e1cter asociativo que tienen los acueductos comunitarios; que son las mismas comunidades las propietarias y su funci\u00f3n esencial es el bienestar de \u00e9stas y los excedentes econ\u00f3micos generados en la prestaci\u00f3n del servicio son reinvertidos para el beneficio de la comunidad o en el sistema.<\/p><p>El v\u00ednculo que se construye es indisoluble, el territorio, los recursos naturales y la comunidad, porque a trav\u00e9s de la Gesti\u00f3n Comunitaria del Agua, se propende por la conservaci\u00f3n y protecci\u00f3n de la cuenca; son los integrantes del acueducto los que realizan el reconocimiento de la geograf\u00eda, de la fauna y de la flora, y la conciencia colectiva que se crea al identificar la importancia y la fragilidad de los ecosistemas de los cuales se abastecen no solo de agua sino de los alimentos que cultivan tanto para su propio consumo como para la generaci\u00f3n de ingresos a trav\u00e9s de la venta de las cosechas, los campesinos son los principales cuidadores de estos ecosistemas, que no solo producen el agua para la vereda sino que son el abastecedor de muchos acueductos urbanos.<\/p><p>En esta relaci\u00f3n, puede entenderse la Gesti\u00f3n Comunitaria del Agua como un proceso sociocultural y socio ambiental que hace referencia a la toma de decisiones acerca del manejo ambiental en la b\u00fasqueda de la sostenibilidad y sustentabilidad de la vida comunitaria.<\/p><p>De hecho la Red de Acueductos Comunitarios de Colombia se define a s\u00ed misma \u201cSomos comunidades organizadas sin \u00e1nimo de lucro; instituciones populares de econom\u00eda solidaria integradas por comuneros y comuneras del agua en igualdad de derechos y deberes; las decisiones las tomamos en asambleas comunitarias por consenso o mayor\u00eda de las personas asociadas, vivenciamos la autogesti\u00f3n y la democracia como manera de ser y hacer en comunidad\u201d. (Red Nacional de Acueductos 2010).<\/p><p>En cuanto a la prestaci\u00f3n del servicio de acueducto, los acueductos comunitarios son organizaciones autorizadas que se diferencian de los otros prestadores por su raz\u00f3n social \u201cSin \u00e1nimo de lucro\u201d, se organizan en cooperativas, asociaciones, corporaciones, juntas, entre otras; y las actividades que realizan o las decisiones que toman en su interior son en procura del beneficio de las comunidades y el mejoramiento del servicio; no es su meta la rentabilidad ni la acumulaci\u00f3n de capital en manos de particulares.<\/p><p>Al enmarcarse dentro de la econom\u00eda solidaria les es permitido hallar figuras como los acueductos comunitarios dentro de la legislaci\u00f3n: \u201c&#8230;personas jur\u00eddicas organizadas para realizar actividades sin \u00e1nimo de lucro, en las cuales los trabajadores o los usuarios seg\u00fan el caso, son simult\u00e1neamente sus aportantes y gestores, creadas con el objeto de producir, distribuir y consumir conjunta y eficientemente, bienes y servicios para satisfacer las necesidades de sus miembros y al desarrollo de obras de servicio a la comunidad\u201d. (Ley 454 de 1998, Art. 6.).<\/p><p>En oposici\u00f3n al modelo de Gesti\u00f3n Comunitaria del Agua; las disposiciones gubernamentales de generar empresas de servicios p\u00fablicos para prestar el servicio de agua potable, ha generado incertidumbres en las organizaciones comunitarias del agua, porque las empresas gestoras de servicios p\u00fablicos que propone el gobierno quieren asumir los acueductos comunitarios como parte de ellas, con la excusa de que las inversiones que hace el estado en las organizaciones sociales del agua hacen parte de los activos estatales para las empresas de servicios p\u00fablicos, desconociendo que los acueductos comunitarios fueron socios en las inversiones estatales por una figura que se conoce como convenios interadministrativos, en los que el Estado y la comunidad aportan los recursos para las inversiones que tienen lugar en las redes.<\/p><p>As\u00ed las cosas los acueductos comunitarios no son la l\u00f3gica de capital a la que llegaron empresas p\u00fablicas, menoscabando los derechos de la ciudadan\u00eda al m\u00ednimo vital.<\/p><p>Capacete: Celeste, Ojal\u00e1 pudi\u00e9ramos tener la oportunidad de consumir agua de los acueductos comunitarios, para que al menos eso nos d\u00e9 la idea de lo que es el agua, la vida, la vida de quienes la cuidan y la vida de quienes la consumen pero la vida de quienes tejen relaciones sociales alrededor de ella.<\/p><p>Bibliograf\u00eda: Agua Bien Com\u00fan, Corporaci\u00f3n Penca de S\u00e1bila, Medell\u00edn, 2014.<\/p><p>Fuente: <a href=\"https:\/\/www.iagua.es\/blogs\/jebe\/acueductos-comunitarios-versus-empresas-servicios-publicos\">https:\/\/www.iagua.es\/blogs\/jebe\/acueductos-comunitarios-versus-empresas-servicios-publicos<\/a><\/p>\t\t\t\t\t\t\t\t<\/div>\n\t\t\t\t<\/div>\n\t\t\t\t<\/div>\n\t\t<div class=\"elementor-element elementor-element-e1cce43 e-con-full e-flex e-con e-child\" data-id=\"e1cce43\" data-element_type=\"container\" data-e-type=\"container\" data-settings=\"{&quot;background_background&quot;:&quot;classic&quot;}\">\n\t\t\t\t<div class=\"elementor-element elementor-element-befa2f7 elementor-align-left elementor-widget elementor-widget-button\" data-id=\"befa2f7\" data-element_type=\"widget\" data-e-type=\"widget\" data-widget_type=\"button.default\">\n\t\t\t\t<div class=\"elementor-widget-container\">\n\t\t\t\t\t\t\t\t\t<div class=\"elementor-button-wrapper\">\n\t\t\t\t\t<a class=\"elementor-button elementor-button-link elementor-size-sm\" href=\"https:\/\/mesabuitrera.org\/MesaGobernanza\/\">\n\t\t\t\t\t\t<span class=\"elementor-button-content-wrapper\">\n\t\t\t\t\t\t\t\t\t<span class=\"elementor-button-text\">Mapa de La Buitrera<\/span>\n\t\t\t\t\t<\/span>\n\t\t\t\t\t<\/a>\n\t\t\t\t<\/div>\n\t\t\t\t\t\t\t\t<\/div>\n\t\t\t\t<\/div>\n\t\t\t\t<div class=\"elementor-element elementor-element-7f5cebc elementor-widget elementor-widget-heading\" data-id=\"7f5cebc\" data-element_type=\"widget\" data-e-type=\"widget\" data-widget_type=\"heading.default\">\n\t\t\t\t<div class=\"elementor-widget-container\">\n\t\t\t\t\t<h2 class=\"elementor-heading-title elementor-size-default\">Empresas<\/h2>\t\t\t\t<\/div>\n\t\t\t\t<\/div>\n\t\t\t\t<div class=\"elementor-element elementor-element-4724ffb elementor-icon-list--layout-traditional elementor-list-item-link-full_width elementor-widget elementor-widget-icon-list\" data-id=\"4724ffb\" data-element_type=\"widget\" data-e-type=\"widget\" data-widget_type=\"icon-list.default\">\n\t\t\t\t<div class=\"elementor-widget-container\">\n\t\t\t\t\t\t\t<ul class=\"elementor-icon-list-items\">\n\t\t\t\t\t\t\t<li class=\"elementor-icon-list-item\">\n\t\t\t\t\t\t\t\t\t\t\t<a href=\"https:\/\/mesabuitrera.org\/index.php\/category\/empresas-comunitarias-de-agua\/acuabuitrera\/\">\n\n\t\t\t\t\t\t\t\t\t\t\t\t<span class=\"elementor-icon-list-icon\">\n\t\t\t\t\t\t\t<i aria-hidden=\"true\" class=\"far fa-newspaper\"><\/i>\t\t\t\t\t\t<\/span>\n\t\t\t\t\t\t\t\t\t\t<span class=\"elementor-icon-list-text\">ACUABUITRERA<\/span>\n\t\t\t\t\t\t\t\t\t\t\t<\/a>\n\t\t\t\t\t\t\t\t\t<\/li>\n\t\t\t\t\t\t<\/ul>\n\t\t\t\t\t\t<\/div>\n\t\t\t\t<\/div>\n\t\t\t\t<\/div>\n\t\t\t\t\t<\/div>\n\t\t\t\t<\/div>\n\t\t\t\t<\/div>\n\t\t","protected":false},"excerpt":{"rendered":"<p>Empresas Comunitarias de Agua En la \u201cGesti\u00f3n Comunitaria del Agua\u201d, teniendo en cuenta el car\u00e1cter asociativo que tienen los acueductos comunitarios; que son las mismas comunidades las propietarias y su funci\u00f3n esencial es el bienestar de \u00e9stas y los excedentes econ\u00f3micos generados en la prestaci\u00f3n del servicio son reinvertidos para el beneficio de la comunidad [&hellip;]<\/p>\n","protected":false},"author":1,"featured_media":0,"parent":0,"menu_order":0,"comment_status":"closed","ping_status":"closed","template":"","meta":{"_acf_changed":false,"om_disable_all_campaigns":false,"_monsterinsights_skip_tracking":false,"_monsterinsights_sitenote_active":false,"_monsterinsights_sitenote_note":"","_monsterinsights_sitenote_category":0,"footnotes":""},"class_list":["post-855","page","type-page","status-publish","hentry"],"acf":[],"aioseo_notices":[],"_links":{"self":[{"href":"https:\/\/mesabuitrera.org\/index.php\/wp-json\/wp\/v2\/pages\/855","targetHints":{"allow":["GET"]}}],"collection":[{"href":"https:\/\/mesabuitrera.org\/index.php\/wp-json\/wp\/v2\/pages"}],"about":[{"href":"https:\/\/mesabuitrera.org\/index.php\/wp-json\/wp\/v2\/types\/page"}],"author":[{"embeddable":true,"href":"https:\/\/mesabuitrera.org\/index.php\/wp-json\/wp\/v2\/users\/1"}],"replies":[{"embeddable":true,"href":"https:\/\/mesabuitrera.org\/index.php\/wp-json\/wp\/v2\/comments?post=855"}],"version-history":[{"count":56,"href":"https:\/\/mesabuitrera.org\/index.php\/wp-json\/wp\/v2\/pages\/855\/revisions"}],"predecessor-version":[{"id":3223,"href":"https:\/\/mesabuitrera.org\/index.php\/wp-json\/wp\/v2\/pages\/855\/revisions\/3223"}],"wp:attachment":[{"href":"https:\/\/mesabuitrera.org\/index.php\/wp-json\/wp\/v2\/media?parent=855"}],"curies":[{"name":"wp","href":"https:\/\/api.w.org\/{rel}","templated":true}]}}